{"id":2123,"date":"2021-02-24T08:56:43","date_gmt":"2021-02-24T07:56:43","guid":{"rendered":"https:\/\/www.rs-goethe.de\/neu\/?page_id=2123"},"modified":"2021-02-24T09:03:08","modified_gmt":"2021-02-24T08:03:08","slug":"rechtliche-hinweise","status":"publish","type":"page","link":"https:\/\/www.rs-goethe.de\/neu\/rechtliche-hinweise\/","title":{"rendered":"Rechtliche Hinweise"},"content":{"rendered":"\t\t<div data-elementor-type=\"wp-page\" data-elementor-id=\"2123\" class=\"elementor elementor-2123\">\n\t\t\t\t\t\t<section class=\"elementor-section elementor-top-section elementor-element elementor-element-c8fe489 elementor-section-full_width elementor-section-height-default elementor-section-height-default\" data-id=\"c8fe489\" data-element_type=\"section\" data-e-type=\"section\" data-settings=\"{&quot;background_background&quot;:&quot;classic&quot;}\">\n\t\t\t\t\t\t<div class=\"elementor-container elementor-column-gap-custom\">\n\t\t\t\t\t<div class=\"elementor-column elementor-col-20 elementor-top-column elementor-element elementor-element-5a166fb\" data-id=\"5a166fb\" data-element_type=\"column\" data-e-type=\"column\">\n\t\t\t<div class=\"elementor-widget-wrap elementor-element-populated\">\n\t\t\t\t\t\t\t<\/div>\n\t\t<\/div>\n\t\t\t\t<div class=\"elementor-column elementor-col-20 elementor-top-column elementor-element elementor-element-000d058\" data-id=\"000d058\" data-element_type=\"column\" data-e-type=\"column\">\n\t\t\t<div class=\"elementor-widget-wrap elementor-element-populated\">\n\t\t\t\t\t\t<div class=\"elementor-element elementor-element-44cf242 elementor-widget elementor-widget-text-editor\" data-id=\"44cf242\" data-element_type=\"widget\" data-e-type=\"widget\" data-widget_type=\"text-editor.default\">\n\t\t\t\t<div class=\"elementor-widget-container\">\n\t\t\t\t\t\t\t\t\t<p><img decoding=\"async\" class=\"wp-image-1283 alignleft\" src=\"https:\/\/www.rs-goethe.de\/neu\/wp-content\/uploads\/2021\/02\/logo_db-300x163.png\" alt=\"\" width=\"148\" height=\"80\" srcset=\"https:\/\/www.rs-goethe.de\/neu\/wp-content\/uploads\/2021\/02\/logo_db-300x163.png 300w, https:\/\/www.rs-goethe.de\/neu\/wp-content\/uploads\/2021\/02\/logo_db-768x416.png 768w, https:\/\/www.rs-goethe.de\/neu\/wp-content\/uploads\/2021\/02\/logo_db.png 797w\" sizes=\"(max-width: 148px) 100vw, 148px\" \/><\/p>\t\t\t\t\t\t\t\t<\/div>\n\t\t\t\t<\/div>\n\t\t\t\t\t<\/div>\n\t\t<\/div>\n\t\t\t\t<div class=\"elementor-column elementor-col-20 elementor-top-column elementor-element elementor-element-5175764 elementor-hidden-phone\" data-id=\"5175764\" data-element_type=\"column\" data-e-type=\"column\">\n\t\t\t<div class=\"elementor-widget-wrap elementor-element-populated\">\n\t\t\t\t\t\t<div class=\"elementor-element elementor-element-9b1b389 elementor-widget elementor-widget-text-editor\" data-id=\"9b1b389\" data-element_type=\"widget\" data-e-type=\"widget\" data-widget_type=\"text-editor.default\">\n\t\t\t\t<div class=\"elementor-widget-container\">\n\t\t\t\t\t\t\t\t\t<h6 style=\"text-align: center;\"><span style=\"color: #1c2431;\">Staatliche Regelschule<\/span><\/br>\n<span style=\"color: #1c2431;\">Johann Wolfgang von Goethe<\/span><\/br>\n<span style=\"color: #1c2431;\">Schleiz<\/span><\/h6>\t\t\t\t\t\t\t\t<\/div>\n\t\t\t\t<\/div>\n\t\t\t\t\t<\/div>\n\t\t<\/div>\n\t\t\t\t<div class=\"elementor-column elementor-col-20 elementor-top-column elementor-element elementor-element-a0bcd54 elementor-hidden-phone\" data-id=\"a0bcd54\" data-element_type=\"column\" data-e-type=\"column\">\n\t\t\t<div class=\"elementor-widget-wrap elementor-element-populated\">\n\t\t\t\t\t\t<div class=\"elementor-element elementor-element-0d72220 elementor-widget elementor-widget-text-editor\" data-id=\"0d72220\" data-element_type=\"widget\" data-e-type=\"widget\" data-widget_type=\"text-editor.default\">\n\t\t\t\t<div class=\"elementor-widget-container\">\n\t\t\t\t\t\t\t\t\t<p><img decoding=\"async\" class=\"wp-image-1413 alignright\" src=\"https:\/\/www.rs-goethe.de\/neu\/wp-content\/uploads\/2021\/02\/fuchs-ipad-274x300.png\" alt=\"\" width=\"100\" height=\"110\" srcset=\"https:\/\/www.rs-goethe.de\/neu\/wp-content\/uploads\/2021\/02\/fuchs-ipad-274x300.png 274w, https:\/\/www.rs-goethe.de\/neu\/wp-content\/uploads\/2021\/02\/fuchs-ipad-934x1024.png 934w, https:\/\/www.rs-goethe.de\/neu\/wp-content\/uploads\/2021\/02\/fuchs-ipad-768x842.png 768w, https:\/\/www.rs-goethe.de\/neu\/wp-content\/uploads\/2021\/02\/fuchs-ipad-1402x1536.png 1402w, https:\/\/www.rs-goethe.de\/neu\/wp-content\/uploads\/2021\/02\/fuchs-ipad-1869x2048.png 1869w\" sizes=\"(max-width: 100px) 100vw, 100px\" \/><\/p>\t\t\t\t\t\t\t\t<\/div>\n\t\t\t\t<\/div>\n\t\t\t\t\t<\/div>\n\t\t<\/div>\n\t\t\t\t<div class=\"elementor-column elementor-col-20 elementor-top-column elementor-element elementor-element-5289e90\" data-id=\"5289e90\" data-element_type=\"column\" data-e-type=\"column\">\n\t\t\t<div class=\"elementor-widget-wrap elementor-element-populated\">\n\t\t\t\t\t\t\t<\/div>\n\t\t<\/div>\n\t\t\t\t\t<\/div>\n\t\t<\/section>\n\t\t\t\t<section class=\"elementor-section elementor-top-section elementor-element elementor-element-3b22ef8 elementor-section-full_width elementor-section-height-default elementor-section-height-default\" data-id=\"3b22ef8\" data-element_type=\"section\" data-e-type=\"section\">\n\t\t\t\t\t\t<div class=\"elementor-container elementor-column-gap-no\">\n\t\t\t\t\t<div class=\"elementor-column elementor-col-100 elementor-top-column elementor-element elementor-element-4f5c057\" data-id=\"4f5c057\" data-element_type=\"column\" data-e-type=\"column\">\n\t\t\t<div class=\"elementor-widget-wrap elementor-element-populated\">\n\t\t\t\t\t\t<div class=\"elementor-element elementor-element-a0b0a48 elementor-widget elementor-widget-wp-widget-maxmegamenu\" data-id=\"a0b0a48\" data-element_type=\"widget\" data-e-type=\"widget\" data-widget_type=\"wp-widget-maxmegamenu.default\">\n\t\t\t\t<div class=\"elementor-widget-container\">\n\t\t\t\t\t<div id=\"mega-menu-wrap-top\" class=\"mega-menu-wrap\"><div class=\"mega-menu-toggle\"><div class=\"mega-toggle-blocks-left\"><div class='mega-toggle-block mega-menu-toggle-animated-block mega-toggle-block-1' id='mega-toggle-block-1'><button aria-controls=\"mega-menu-top\" aria-expanded=\"false\" aria-haspopup=\"true\" aria-label=\"Toggle Menu\" class=\"mega-toggle-animated mega-toggle-animated-slider\" type=\"button\">\n                  <span class=\"mega-toggle-animated-box\">\n                    <span class=\"mega-toggle-animated-inner\"><\/span>\n                  <\/span>\n                <\/button><\/div><\/div><div class=\"mega-toggle-blocks-center\"><\/div><div class=\"mega-toggle-blocks-right\"><\/div><\/div><ul id=\"mega-menu-top\" class=\"mega-menu max-mega-menu mega-menu-horizontal mega-no-js\" data-event=\"hover_intent\" data-effect=\"fade_up\" data-effect-speed=\"200\" data-effect-mobile=\"disabled\" data-effect-speed-mobile=\"0\" data-mobile-force-width=\"false\" data-second-click=\"go\" data-document-click=\"collapse\" data-vertical-behaviour=\"standard\" data-breakpoint=\"600\" data-unbind=\"true\" data-mobile-state=\"collapse_all\" data-mobile-direction=\"vertical\"><li class=\"mega-menu-item mega-menu-item-type-post_type mega-menu-item-object-page mega-menu-item-home mega-menu-item-has-children mega-align-bottom-left mega-menu-flyout mega-menu-item-1154 menu-item\" id=\"mega-menu-item-1154\"><a class=\"mega-menu-link\" href=\"https:\/\/www.rs-goethe.de\/neu\/\" aria-expanded=\"false\" aria-controls=\"mega-sub-menu-1154\">Willkommen<span class=\"mega-indicator\" aria-hidden=\"true\"><\/span><\/a>\n<ul class=\"mega-sub-menu\" id='mega-sub-menu-1154'>\n<li class=\"mega-menu-item mega-menu-item-type-post_type mega-menu-item-object-page mega-menu-item-2170 menu-item\" id=\"mega-menu-item-2170\"><a class=\"mega-menu-link\" href=\"https:\/\/www.rs-goethe.de\/neu\/kalender\/\">Kalender<\/a><\/li><li class=\"mega-menu-item mega-menu-item-type-custom mega-menu-item-object-custom mega-menu-item-3490 menu-item\" id=\"mega-menu-item-3490\"><a class=\"mega-menu-link\" href=\"https:\/\/www.rs-goethe.de\/neu\/wp-content\/uploads\/2025\/08\/v_schueler.pdf\">Verhaltenskodex Sch\u00fcler<\/a><\/li><li class=\"mega-menu-item mega-menu-item-type-custom mega-menu-item-object-custom mega-menu-item-3492 menu-item\" id=\"mega-menu-item-3492\"><a class=\"mega-menu-link\" href=\"https:\/\/www.rs-goethe.de\/neu\/wp-content\/uploads\/2025\/08\/v_eltern.pdf\">Verhaltenskodex Eltern<\/a><\/li><li class=\"mega-menu-item mega-menu-item-type-custom mega-menu-item-object-custom mega-menu-item-3491 menu-item\" id=\"mega-menu-item-3491\"><a class=\"mega-menu-link\" href=\"https:\/\/www.rs-goethe.de\/neu\/wp-content\/uploads\/2025\/08\/v_lehrer.pdf\">Verhaltenskodex Lehrer<\/a><\/li><\/ul>\n<\/li><li class=\"mega-menu-item mega-menu-item-type-post_type mega-menu-item-object-page mega-menu-item-has-children mega-align-bottom-left mega-menu-flyout mega-menu-item-2169 menu-item\" id=\"mega-menu-item-2169\"><a class=\"mega-menu-link\" href=\"https:\/\/www.rs-goethe.de\/neu\/kontakt\/\" aria-expanded=\"false\" aria-controls=\"mega-sub-menu-2169\">Kontakt<span class=\"mega-indicator\" aria-hidden=\"true\"><\/span><\/a>\n<ul class=\"mega-sub-menu\" id='mega-sub-menu-2169'>\n<li class=\"mega-menu-item mega-menu-item-type-post_type mega-menu-item-object-page mega-menu-item-2181 menu-item\" id=\"mega-menu-item-2181\"><a class=\"mega-menu-link\" href=\"https:\/\/www.rs-goethe.de\/neu\/impressum\/\">Impressum<\/a><\/li><\/ul>\n<\/li><li class=\"mega-menu-item mega-menu-item-type-post_type mega-menu-item-object-page mega-menu-item-has-children mega-align-bottom-left mega-menu-flyout mega-menu-item-2182 menu-item\" id=\"mega-menu-item-2182\"><a class=\"mega-menu-link\" href=\"https:\/\/www.rs-goethe.de\/neu\/pruefungen\/\" aria-expanded=\"false\" aria-controls=\"mega-sub-menu-2182\">Projektarbeit<span class=\"mega-indicator\" aria-hidden=\"true\"><\/span><\/a>\n<ul class=\"mega-sub-menu\" id='mega-sub-menu-2182'>\n<li class=\"mega-menu-item mega-menu-item-type-custom mega-menu-item-object-custom mega-menu-item-2185 menu-item\" id=\"mega-menu-item-2185\"><a class=\"mega-menu-link\" href=\"https:\/\/www.rs-goethe.de\/neu\/wp-content\/uploads\/2025\/08\/Leitfaden_2026.pdf\">Leitfaden<\/a><\/li><li class=\"mega-menu-item mega-menu-item-type-custom mega-menu-item-object-custom mega-menu-item-4520 menu-item\" id=\"mega-menu-item-4520\"><a class=\"mega-menu-link\" href=\"https:\/\/www.rs-goethe.de\/neu\/wp-content\/uploads\/2026\/01\/neu_Themenkatalog_2027.pdf\">Themenkatalog<\/a><\/li><\/ul>\n<\/li><li class=\"mega-menu-item mega-menu-item-type-custom mega-menu-item-object-custom mega-menu-item-has-children mega-align-bottom-left mega-menu-flyout mega-menu-item-3481 menu-item\" id=\"mega-menu-item-3481\"><a class=\"mega-menu-link\" href=\"https:\/\/www.rs-goethe.de\/neu\/wp-content\/uploads\/2021\/09\/Leitfaden_Praktikumsbericht.pdf\" aria-expanded=\"false\" aria-controls=\"mega-sub-menu-3481\">Sch\u00fclerpraktikum<span class=\"mega-indicator\" aria-hidden=\"true\"><\/span><\/a>\n<ul class=\"mega-sub-menu\" id='mega-sub-menu-3481'>\n<li class=\"mega-menu-item mega-menu-item-type-custom mega-menu-item-object-custom mega-menu-item-3518 menu-item\" id=\"mega-menu-item-3518\"><a class=\"mega-menu-link\" href=\"https:\/\/www.rs-goethe.de\/neu\/wp-content\/uploads\/2021\/09\/Leitfaden_Praktikumsbericht.pdf\">Leitfaden<\/a><\/li><li class=\"mega-menu-item mega-menu-item-type-custom mega-menu-item-object-custom mega-menu-item-3482 menu-item\" id=\"mega-menu-item-3482\"><a class=\"mega-menu-link\" href=\"https:\/\/www.rs-goethe.de\/neu\/wp-content\/uploads\/2025\/08\/Vertrag_10.pdf\">Vertrag<\/a><\/li><li class=\"mega-menu-item mega-menu-item-type-custom mega-menu-item-object-custom mega-menu-item-3486 menu-item\" id=\"mega-menu-item-3486\"><a class=\"mega-menu-link\" href=\"https:\/\/www.rs-goethe.de\/neu\/wp-content\/uploads\/2021\/09\/Praktikumsbeurteilung.pdf\">Praktikumsbeurteilung<\/a><\/li><li class=\"mega-menu-item mega-menu-item-type-custom mega-menu-item-object-custom mega-menu-item-3483 menu-item\" id=\"mega-menu-item-3483\"><a class=\"mega-menu-link\" href=\"https:\/\/www.rs-goethe.de\/neu\/wp-content\/uploads\/2021\/09\/Fahrtkosten-I-Merkblatt.pdf\">Fahrtkosten I<\/a><\/li><li class=\"mega-menu-item mega-menu-item-type-custom mega-menu-item-object-custom mega-menu-item-3484 menu-item\" id=\"mega-menu-item-3484\"><a class=\"mega-menu-link\" href=\"https:\/\/www.rs-goethe.de\/neu\/wp-content\/uploads\/2021\/09\/Fahrtkosten-II-Antrag-auf-Anerkennung-des-Einsatzes-eines-privaten-KFZ.pdf\">Fahrtkosten II<\/a><\/li><li class=\"mega-menu-item mega-menu-item-type-custom mega-menu-item-object-custom mega-menu-item-3485 menu-item\" id=\"mega-menu-item-3485\"><a class=\"mega-menu-link\" href=\"https:\/\/www.rs-goethe.de\/neu\/wp-content\/uploads\/2021\/09\/Fahrtkosten-III-Antrag-auf-Fahrtkostenerstattung-Schuelerpraktikum.pdf\">Fahrtkosten III<\/a><\/li><\/ul>\n<\/li><li class=\"mega-menu-item mega-menu-item-type-custom mega-menu-item-object-custom mega-align-bottom-left mega-menu-flyout mega-menu-item-4110 menu-item\" id=\"mega-menu-item-4110\"><a class=\"mega-menu-link\" href=\"https:\/\/www.rs-goethe.de\/neu\/wp-content\/uploads\/2023\/12\/kunstprojekt2023.pdf\">\"Gemeinsam Digital\"<\/a><\/li><\/ul><\/div>\t\t\t\t<\/div>\n\t\t\t\t<\/div>\n\t\t\t\t\t<\/div>\n\t\t<\/div>\n\t\t\t\t\t<\/div>\n\t\t<\/section>\n\t\t\t\t<section class=\"elementor-section elementor-top-section elementor-element elementor-element-c28c876 elementor-section-full_width elementor-section-height-default elementor-section-height-default\" data-id=\"c28c876\" data-element_type=\"section\" data-e-type=\"section\">\n\t\t\t\t\t\t<div class=\"elementor-container elementor-column-gap-no\">\n\t\t\t\t\t<div class=\"elementor-column elementor-col-100 elementor-top-column elementor-element elementor-element-88796bc\" data-id=\"88796bc\" data-element_type=\"column\" data-e-type=\"column\">\n\t\t\t<div class=\"elementor-widget-wrap elementor-element-populated\">\n\t\t\t\t\t\t<div class=\"elementor-element elementor-element-f7e4b51 elementor-widget elementor-widget-spacer\" data-id=\"f7e4b51\" data-element_type=\"widget\" data-e-type=\"widget\" data-widget_type=\"spacer.default\">\n\t\t\t\t<div class=\"elementor-widget-container\">\n\t\t\t\t\t\t\t<div class=\"elementor-spacer\">\n\t\t\t<div class=\"elementor-spacer-inner\"><\/div>\n\t\t<\/div>\n\t\t\t\t\t\t<\/div>\n\t\t\t\t<\/div>\n\t\t\t\t\t<\/div>\n\t\t<\/div>\n\t\t\t\t\t<\/div>\n\t\t<\/section>\n\t\t\t\t<section class=\"elementor-section elementor-top-section elementor-element elementor-element-fd995d7 elementor-section-boxed elementor-section-height-default elementor-section-height-default\" data-id=\"fd995d7\" data-element_type=\"section\" data-e-type=\"section\">\n\t\t\t\t\t\t<div class=\"elementor-container elementor-column-gap-default\">\n\t\t\t\t\t<div class=\"elementor-column elementor-col-100 elementor-top-column elementor-element elementor-element-f266fce\" data-id=\"f266fce\" data-element_type=\"column\" data-e-type=\"column\">\n\t\t\t<div class=\"elementor-widget-wrap elementor-element-populated\">\n\t\t\t\t\t\t<div class=\"elementor-element elementor-element-963bb05 elementor-widget elementor-widget-heading\" data-id=\"963bb05\" data-element_type=\"widget\" data-e-type=\"widget\" data-widget_type=\"heading.default\">\n\t\t\t\t<div class=\"elementor-widget-container\">\n\t\t\t\t\t<h2 class=\"elementor-heading-title elementor-size-default\">Rechtliche Hinweise<\/h2>\t\t\t\t<\/div>\n\t\t\t\t<\/div>\n\t\t\t\t\t<\/div>\n\t\t<\/div>\n\t\t\t\t\t<\/div>\n\t\t<\/section>\n\t\t\t\t<section class=\"elementor-section elementor-top-section elementor-element elementor-element-bed63be elementor-section-boxed elementor-section-height-default elementor-section-height-default\" data-id=\"bed63be\" data-element_type=\"section\" data-e-type=\"section\">\n\t\t\t\t\t\t<div class=\"elementor-container elementor-column-gap-default\">\n\t\t\t\t\t<div class=\"elementor-column elementor-col-100 elementor-top-column elementor-element elementor-element-c624248\" data-id=\"c624248\" data-element_type=\"column\" data-e-type=\"column\">\n\t\t\t<div class=\"elementor-widget-wrap elementor-element-populated\">\n\t\t\t\t\t\t<div class=\"elementor-element elementor-element-03f3304 elementor-widget elementor-widget-text-editor\" data-id=\"03f3304\" data-element_type=\"widget\" data-e-type=\"widget\" data-widget_type=\"text-editor.default\">\n\t\t\t\t<div class=\"elementor-widget-container\">\n\t\t\t\t\t\t\t\t\t<p><em><strong>Urheberrecht<\/strong><\/em><\/p><p>Texte, Bilder, Grafiken und Fotos sowie die Gestaltung dieser Internetseiten unterliegen dem Urheberrecht. Sie d\u00fcrfen von Ihnen nur zum privaten und sonstigen eigenen Gebrauch im Rahmen des \u00a7 53 Urheberrechtsgesetz (UrhG) ohne jede \u00c4nderung vervielf\u00e4ltigt werden. Eine Verbreitung von Kopien (analog oder digital) oder Ausz\u00fcgen ist nur mit schriftlicher Genehmigung zul\u00e4ssig. Der Nachdruck und die Auswertung von Pressemitteilungen und Reden sind mit Quellenangabe gestattet. <br \/>Texte, Bilder, Grafiken und sonstige Materialien k\u00f6nnen ganz oder teilweise dem Urheberrecht Dritter unterliegen. Die Inhalte Dritter sind als solche kenntlich gemacht und d\u00fcrfen ohne Einwilligung des Rechteinhabers nicht vervielf\u00e4ltigt, \u00f6ffentlich zug\u00e4nglich gemacht oder \u00f6ffentlich wiedergegeben werden.<\/p><p><em><strong>Haftung f\u00fcr Inhalte<\/strong><\/em><\/p><p>Die Informationen, die Sie auf diesem Internetauftritt vorfinden, wurden nach bestem Wissen und Gewissen sorgf\u00e4ltig zusammengestellt und gepr\u00fcft. F\u00fcr die Richtigkeit, Vollst\u00e4ndigkeit, Aktualit\u00e4t oder Qualit\u00e4t und jederzeitige Verf\u00fcgbarkeit der bereit gestellten Informationen wird jedoch keine Gew\u00e4hr \u00fcbernommen. <br \/>Diensteanbieter sind gem\u00e4\u00df \u00a7 7 Abs.1 TMG f\u00fcr eigene Inhalte auf diesen Seiten nach den allgemeinen Gesetzen verantwortlich. Diensteanbieter sind jedoch nicht verpflichtet, \u00fcbermittelte oder gespeicherte fremde Informationen zu \u00fcberwachen o-der nach Umst\u00e4nden zu forschen, die auf eine rechtswidrige T\u00e4tigkeit hinweisen. Verpflichtungen zur Entfernung oder Sperrung der Nutzung von Informationen nach den allgemeinen Gesetzen bleiben hiervon unber\u00fchrt.<\/p><p>Dieser Internetauftritt enth\u00e4lt auch Links oder Verweise auf Internetauftritte Dritter. Diese Links zu den Internetauftritten Dritter stellen keine Zustimmung zu deren Inhalten durch den Herausgeber dar. <br \/>F\u00fcr die Inhalte der externen Links sind die jeweiligen Anbieter oder Betreiber (Urheber) der Seiten verantwortlich. Mit den Links zu anderen Internetauftritten wird den Nutzern lediglich der Zugang zur Nutzung der Inhalte vermittelt. <br \/>Die externen Links wurden zum Zeitpunkt der Linksetzung nach bestem Wissen und Gewissen auf eventuelle Rechtsverst\u00f6\u00dfe \u00fcberpr\u00fcft. Eine st\u00e4ndige inhaltliche \u00dcberpr\u00fcfung der externen Links ist ohne konkrete Anhaltspunkte einer Rechtsverletzung nicht m\u00f6glich. Bei Verlinkungen auf die Webseiten Dritter, die au\u00dferhalb des Verantwortungsbereichs des Herausgebers liegen, w\u00fcrde eine Haftungsverpflichtung nur bestehen, wenn der Herausgeber von den rechtswidrigen Inhalten Kenntnis erlangen und es technisch m\u00f6glich und zumutbar w\u00e4re, die Nutzung dieser Inhalte zu verhindern. Sollten Sie der Ansicht sein, dass die verlinkten externen Seiten gegen geltendes Recht versto\u00dfen oder sonst unangemessene Inhalte haben, so teilen Sie uns dies bitte mit.<\/p>\t\t\t\t\t\t\t\t<\/div>\n\t\t\t\t<\/div>\n\t\t\t\t\t<\/div>\n\t\t<\/div>\n\t\t\t\t\t<\/div>\n\t\t<\/section>\n\t\t\t\t<section class=\"elementor-section elementor-top-section elementor-element elementor-element-76239a6 elementor-section-boxed elementor-section-height-default elementor-section-height-default\" data-id=\"76239a6\" data-element_type=\"section\" data-e-type=\"section\">\n\t\t\t\t\t\t<div class=\"elementor-container elementor-column-gap-default\">\n\t\t\t\t\t<div class=\"elementor-column elementor-col-100 elementor-top-column elementor-element elementor-element-9ead118\" data-id=\"9ead118\" data-element_type=\"column\" data-e-type=\"column\">\n\t\t\t<div class=\"elementor-widget-wrap elementor-element-populated\">\n\t\t\t\t\t\t<div class=\"elementor-element elementor-element-b77c270 elementor-widget elementor-widget-spacer\" data-id=\"b77c270\" data-element_type=\"widget\" data-e-type=\"widget\" data-widget_type=\"spacer.default\">\n\t\t\t\t<div class=\"elementor-widget-container\">\n\t\t\t\t\t\t\t<div class=\"elementor-spacer\">\n\t\t\t<div class=\"elementor-spacer-inner\"><\/div>\n\t\t<\/div>\n\t\t\t\t\t\t<\/div>\n\t\t\t\t<\/div>\n\t\t\t\t\t<\/div>\n\t\t<\/div>\n\t\t\t\t\t<\/div>\n\t\t<\/section>\n\t\t\t\t<\/div>\n\t\t","protected":false},"excerpt":{"rendered":"<p>Staatliche Regelschule Johann Wolfgang von Goethe Schleiz Rechtliche Hinweise Urheberrecht Texte, Bilder, Grafiken und Fotos sowie die Gestaltung dieser Internetseiten unterliegen dem Urheberrecht. Sie d\u00fcrfen von Ihnen nur zum privaten und sonstigen eigenen Gebrauch im Rahmen des \u00a7 53 Urheberrechtsgesetz (UrhG) ohne jede \u00c4nderung vervielf\u00e4ltigt werden. Eine Verbreitung von Kopien (analog oder digital) oder Ausz\u00fcgen &hellip; <\/p>\n<p class=\"link-more\"><a href=\"https:\/\/www.rs-goethe.de\/neu\/rechtliche-hinweise\/\" class=\"more-link\"><span class=\"screen-reader-text\">\u201eRechtliche Hinweise\u201c <\/span>weiterlesen<\/a><\/p>\n","protected":false},"author":1,"featured_media":0,"parent":0,"menu_order":0,"comment_status":"closed","ping_status":"closed","template":"elementor_canvas","meta":{"footnotes":""},"class_list":["post-2123","page","type-page","status-publish","hentry"],"_links":{"self":[{"href":"https:\/\/www.rs-goethe.de\/neu\/wp-json\/wp\/v2\/pages\/2123","targetHints":{"allow":["GET"]}}],"collection":[{"href":"https:\/\/www.rs-goethe.de\/neu\/wp-json\/wp\/v2\/pages"}],"about":[{"href":"https:\/\/www.rs-goethe.de\/neu\/wp-json\/wp\/v2\/types\/page"}],"author":[{"embeddable":true,"href":"https:\/\/www.rs-goethe.de\/neu\/wp-json\/wp\/v2\/users\/1"}],"replies":[{"embeddable":true,"href":"https:\/\/www.rs-goethe.de\/neu\/wp-json\/wp\/v2\/comments?post=2123"}],"version-history":[{"count":0,"href":"https:\/\/www.rs-goethe.de\/neu\/wp-json\/wp\/v2\/pages\/2123\/revisions"}],"wp:attachment":[{"href":"https:\/\/www.rs-goethe.de\/neu\/wp-json\/wp\/v2\/media?parent=2123"}],"curies":[{"name":"wp","href":"https:\/\/api.w.org\/{rel}","templated":true}]}}