{"id":2141,"date":"2021-02-24T09:13:06","date_gmt":"2021-02-24T08:13:06","guid":{"rendered":"https:\/\/www.rs-goethe.de\/neu\/?page_id=2141"},"modified":"2021-02-24T09:20:05","modified_gmt":"2021-02-24T08:20:05","slug":"datenschutzerklaerung","status":"publish","type":"page","link":"https:\/\/www.rs-goethe.de\/neu\/datenschutzerklaerung\/","title":{"rendered":"Datenschutzerkl\u00e4rung"},"content":{"rendered":"\t\t<div data-elementor-type=\"wp-page\" data-elementor-id=\"2141\" class=\"elementor elementor-2141\">\n\t\t\t\t\t\t<section class=\"elementor-section elementor-top-section elementor-element elementor-element-c8fe489 elementor-section-full_width elementor-section-height-default elementor-section-height-default\" data-id=\"c8fe489\" data-element_type=\"section\" data-e-type=\"section\" data-settings=\"{&quot;background_background&quot;:&quot;classic&quot;}\">\n\t\t\t\t\t\t<div class=\"elementor-container elementor-column-gap-custom\">\n\t\t\t\t\t<div class=\"elementor-column elementor-col-20 elementor-top-column elementor-element elementor-element-5a166fb\" data-id=\"5a166fb\" data-element_type=\"column\" data-e-type=\"column\">\n\t\t\t<div class=\"elementor-widget-wrap elementor-element-populated\">\n\t\t\t\t\t\t\t<\/div>\n\t\t<\/div>\n\t\t\t\t<div class=\"elementor-column elementor-col-20 elementor-top-column elementor-element elementor-element-000d058\" data-id=\"000d058\" data-element_type=\"column\" data-e-type=\"column\">\n\t\t\t<div class=\"elementor-widget-wrap elementor-element-populated\">\n\t\t\t\t\t\t<div class=\"elementor-element elementor-element-44cf242 elementor-widget elementor-widget-text-editor\" data-id=\"44cf242\" data-element_type=\"widget\" data-e-type=\"widget\" data-widget_type=\"text-editor.default\">\n\t\t\t\t<div class=\"elementor-widget-container\">\n\t\t\t\t\t\t\t\t\t<p><img decoding=\"async\" class=\"wp-image-1283 alignleft\" src=\"https:\/\/www.rs-goethe.de\/neu\/wp-content\/uploads\/2021\/02\/logo_db-300x163.png\" alt=\"\" width=\"148\" height=\"80\" srcset=\"https:\/\/www.rs-goethe.de\/neu\/wp-content\/uploads\/2021\/02\/logo_db-300x163.png 300w, https:\/\/www.rs-goethe.de\/neu\/wp-content\/uploads\/2021\/02\/logo_db-768x416.png 768w, https:\/\/www.rs-goethe.de\/neu\/wp-content\/uploads\/2021\/02\/logo_db.png 797w\" sizes=\"(max-width: 148px) 100vw, 148px\" \/><\/p>\t\t\t\t\t\t\t\t<\/div>\n\t\t\t\t<\/div>\n\t\t\t\t\t<\/div>\n\t\t<\/div>\n\t\t\t\t<div class=\"elementor-column elementor-col-20 elementor-top-column elementor-element elementor-element-5175764 elementor-hidden-phone\" data-id=\"5175764\" data-element_type=\"column\" data-e-type=\"column\">\n\t\t\t<div class=\"elementor-widget-wrap elementor-element-populated\">\n\t\t\t\t\t\t<div class=\"elementor-element elementor-element-9b1b389 elementor-widget elementor-widget-text-editor\" data-id=\"9b1b389\" data-element_type=\"widget\" data-e-type=\"widget\" data-widget_type=\"text-editor.default\">\n\t\t\t\t<div class=\"elementor-widget-container\">\n\t\t\t\t\t\t\t\t\t<h6 style=\"text-align: center;\"><span style=\"color: #1c2431;\">Staatliche Regelschule<\/span><\/br>\n<span style=\"color: #1c2431;\">Johann Wolfgang von Goethe<\/span><\/br>\n<span style=\"color: #1c2431;\">Schleiz<\/span><\/h6>\t\t\t\t\t\t\t\t<\/div>\n\t\t\t\t<\/div>\n\t\t\t\t\t<\/div>\n\t\t<\/div>\n\t\t\t\t<div class=\"elementor-column elementor-col-20 elementor-top-column elementor-element elementor-element-a0bcd54 elementor-hidden-phone\" data-id=\"a0bcd54\" data-element_type=\"column\" data-e-type=\"column\">\n\t\t\t<div class=\"elementor-widget-wrap elementor-element-populated\">\n\t\t\t\t\t\t<div class=\"elementor-element elementor-element-0d72220 elementor-widget elementor-widget-text-editor\" data-id=\"0d72220\" data-element_type=\"widget\" data-e-type=\"widget\" data-widget_type=\"text-editor.default\">\n\t\t\t\t<div class=\"elementor-widget-container\">\n\t\t\t\t\t\t\t\t\t<p><img decoding=\"async\" class=\"wp-image-1413 alignright\" src=\"https:\/\/www.rs-goethe.de\/neu\/wp-content\/uploads\/2021\/02\/fuchs-ipad-274x300.png\" alt=\"\" width=\"100\" height=\"110\" srcset=\"https:\/\/www.rs-goethe.de\/neu\/wp-content\/uploads\/2021\/02\/fuchs-ipad-274x300.png 274w, https:\/\/www.rs-goethe.de\/neu\/wp-content\/uploads\/2021\/02\/fuchs-ipad-934x1024.png 934w, https:\/\/www.rs-goethe.de\/neu\/wp-content\/uploads\/2021\/02\/fuchs-ipad-768x842.png 768w, https:\/\/www.rs-goethe.de\/neu\/wp-content\/uploads\/2021\/02\/fuchs-ipad-1402x1536.png 1402w, https:\/\/www.rs-goethe.de\/neu\/wp-content\/uploads\/2021\/02\/fuchs-ipad-1869x2048.png 1869w\" sizes=\"(max-width: 100px) 100vw, 100px\" \/><\/p>\t\t\t\t\t\t\t\t<\/div>\n\t\t\t\t<\/div>\n\t\t\t\t\t<\/div>\n\t\t<\/div>\n\t\t\t\t<div class=\"elementor-column elementor-col-20 elementor-top-column elementor-element elementor-element-5289e90\" data-id=\"5289e90\" data-element_type=\"column\" data-e-type=\"column\">\n\t\t\t<div class=\"elementor-widget-wrap elementor-element-populated\">\n\t\t\t\t\t\t\t<\/div>\n\t\t<\/div>\n\t\t\t\t\t<\/div>\n\t\t<\/section>\n\t\t\t\t<section class=\"elementor-section elementor-top-section elementor-element elementor-element-3b22ef8 elementor-section-full_width elementor-section-height-default elementor-section-height-default\" data-id=\"3b22ef8\" data-element_type=\"section\" data-e-type=\"section\">\n\t\t\t\t\t\t<div class=\"elementor-container elementor-column-gap-no\">\n\t\t\t\t\t<div class=\"elementor-column elementor-col-100 elementor-top-column elementor-element elementor-element-4f5c057\" data-id=\"4f5c057\" data-element_type=\"column\" data-e-type=\"column\">\n\t\t\t<div class=\"elementor-widget-wrap elementor-element-populated\">\n\t\t\t\t\t\t<div class=\"elementor-element elementor-element-a0b0a48 elementor-widget elementor-widget-wp-widget-maxmegamenu\" data-id=\"a0b0a48\" data-element_type=\"widget\" data-e-type=\"widget\" data-widget_type=\"wp-widget-maxmegamenu.default\">\n\t\t\t\t<div class=\"elementor-widget-container\">\n\t\t\t\t\t<div id=\"mega-menu-wrap-top\" class=\"mega-menu-wrap\"><div class=\"mega-menu-toggle\"><div class=\"mega-toggle-blocks-left\"><div class='mega-toggle-block mega-menu-toggle-animated-block mega-toggle-block-1' id='mega-toggle-block-1'><button aria-controls=\"mega-menu-top\" aria-expanded=\"false\" aria-haspopup=\"true\" aria-label=\"Toggle Menu\" class=\"mega-toggle-animated mega-toggle-animated-slider\" type=\"button\">\n                  <span class=\"mega-toggle-animated-box\">\n                    <span class=\"mega-toggle-animated-inner\"><\/span>\n                  <\/span>\n                <\/button><\/div><\/div><div class=\"mega-toggle-blocks-center\"><\/div><div class=\"mega-toggle-blocks-right\"><\/div><\/div><ul id=\"mega-menu-top\" class=\"mega-menu max-mega-menu mega-menu-horizontal mega-no-js\" data-event=\"hover_intent\" data-effect=\"fade_up\" data-effect-speed=\"200\" data-effect-mobile=\"disabled\" data-effect-speed-mobile=\"0\" data-mobile-force-width=\"false\" data-second-click=\"go\" data-document-click=\"collapse\" data-vertical-behaviour=\"standard\" data-breakpoint=\"600\" data-unbind=\"true\" data-mobile-state=\"collapse_all\" data-mobile-direction=\"vertical\"><li class=\"mega-menu-item mega-menu-item-type-post_type mega-menu-item-object-page mega-menu-item-home mega-menu-item-has-children mega-align-bottom-left mega-menu-flyout mega-menu-item-1154 menu-item\" id=\"mega-menu-item-1154\"><a class=\"mega-menu-link\" href=\"https:\/\/www.rs-goethe.de\/neu\/\" aria-expanded=\"false\" aria-controls=\"mega-sub-menu-1154\">Willkommen<span class=\"mega-indicator\" aria-hidden=\"true\"><\/span><\/a>\n<ul class=\"mega-sub-menu\" id='mega-sub-menu-1154'>\n<li class=\"mega-menu-item mega-menu-item-type-post_type mega-menu-item-object-page mega-menu-item-2170 menu-item\" id=\"mega-menu-item-2170\"><a class=\"mega-menu-link\" href=\"https:\/\/www.rs-goethe.de\/neu\/kalender\/\">Kalender<\/a><\/li><li class=\"mega-menu-item mega-menu-item-type-custom mega-menu-item-object-custom mega-menu-item-3490 menu-item\" id=\"mega-menu-item-3490\"><a class=\"mega-menu-link\" href=\"https:\/\/www.rs-goethe.de\/neu\/wp-content\/uploads\/2025\/08\/v_schueler.pdf\">Verhaltenskodex Sch\u00fcler<\/a><\/li><li class=\"mega-menu-item mega-menu-item-type-custom mega-menu-item-object-custom mega-menu-item-3492 menu-item\" id=\"mega-menu-item-3492\"><a class=\"mega-menu-link\" href=\"https:\/\/www.rs-goethe.de\/neu\/wp-content\/uploads\/2025\/08\/v_eltern.pdf\">Verhaltenskodex Eltern<\/a><\/li><li class=\"mega-menu-item mega-menu-item-type-custom mega-menu-item-object-custom mega-menu-item-3491 menu-item\" id=\"mega-menu-item-3491\"><a class=\"mega-menu-link\" href=\"https:\/\/www.rs-goethe.de\/neu\/wp-content\/uploads\/2025\/08\/v_lehrer.pdf\">Verhaltenskodex Lehrer<\/a><\/li><\/ul>\n<\/li><li class=\"mega-menu-item mega-menu-item-type-post_type mega-menu-item-object-page mega-menu-item-has-children mega-align-bottom-left mega-menu-flyout mega-menu-item-2169 menu-item\" id=\"mega-menu-item-2169\"><a class=\"mega-menu-link\" href=\"https:\/\/www.rs-goethe.de\/neu\/kontakt\/\" aria-expanded=\"false\" aria-controls=\"mega-sub-menu-2169\">Kontakt<span class=\"mega-indicator\" aria-hidden=\"true\"><\/span><\/a>\n<ul class=\"mega-sub-menu\" id='mega-sub-menu-2169'>\n<li class=\"mega-menu-item mega-menu-item-type-post_type mega-menu-item-object-page mega-menu-item-2181 menu-item\" id=\"mega-menu-item-2181\"><a class=\"mega-menu-link\" href=\"https:\/\/www.rs-goethe.de\/neu\/impressum\/\">Impressum<\/a><\/li><\/ul>\n<\/li><li class=\"mega-menu-item mega-menu-item-type-post_type mega-menu-item-object-page mega-menu-item-has-children mega-align-bottom-left mega-menu-flyout mega-menu-item-2182 menu-item\" id=\"mega-menu-item-2182\"><a class=\"mega-menu-link\" href=\"https:\/\/www.rs-goethe.de\/neu\/pruefungen\/\" aria-expanded=\"false\" aria-controls=\"mega-sub-menu-2182\">Projektarbeit<span class=\"mega-indicator\" aria-hidden=\"true\"><\/span><\/a>\n<ul class=\"mega-sub-menu\" id='mega-sub-menu-2182'>\n<li class=\"mega-menu-item mega-menu-item-type-custom mega-menu-item-object-custom mega-menu-item-2185 menu-item\" id=\"mega-menu-item-2185\"><a class=\"mega-menu-link\" href=\"https:\/\/www.rs-goethe.de\/neu\/wp-content\/uploads\/2025\/08\/Leitfaden_2026.pdf\">Leitfaden<\/a><\/li><li class=\"mega-menu-item mega-menu-item-type-custom mega-menu-item-object-custom mega-menu-item-4520 menu-item\" id=\"mega-menu-item-4520\"><a class=\"mega-menu-link\" href=\"https:\/\/www.rs-goethe.de\/neu\/wp-content\/uploads\/2026\/01\/neu_Themenkatalog_2027.pdf\">Themenkatalog<\/a><\/li><\/ul>\n<\/li><li class=\"mega-menu-item mega-menu-item-type-custom mega-menu-item-object-custom mega-menu-item-has-children mega-align-bottom-left mega-menu-flyout mega-menu-item-3481 menu-item\" id=\"mega-menu-item-3481\"><a class=\"mega-menu-link\" href=\"https:\/\/www.rs-goethe.de\/neu\/wp-content\/uploads\/2021\/09\/Leitfaden_Praktikumsbericht.pdf\" aria-expanded=\"false\" aria-controls=\"mega-sub-menu-3481\">Sch\u00fclerpraktikum<span class=\"mega-indicator\" aria-hidden=\"true\"><\/span><\/a>\n<ul class=\"mega-sub-menu\" id='mega-sub-menu-3481'>\n<li class=\"mega-menu-item mega-menu-item-type-custom mega-menu-item-object-custom mega-menu-item-3518 menu-item\" id=\"mega-menu-item-3518\"><a class=\"mega-menu-link\" href=\"https:\/\/www.rs-goethe.de\/neu\/wp-content\/uploads\/2021\/09\/Leitfaden_Praktikumsbericht.pdf\">Leitfaden<\/a><\/li><li class=\"mega-menu-item mega-menu-item-type-custom mega-menu-item-object-custom mega-menu-item-3482 menu-item\" id=\"mega-menu-item-3482\"><a class=\"mega-menu-link\" href=\"https:\/\/www.rs-goethe.de\/neu\/wp-content\/uploads\/2025\/08\/Vertrag_10.pdf\">Vertrag<\/a><\/li><li class=\"mega-menu-item mega-menu-item-type-custom mega-menu-item-object-custom mega-menu-item-3486 menu-item\" id=\"mega-menu-item-3486\"><a class=\"mega-menu-link\" href=\"https:\/\/www.rs-goethe.de\/neu\/wp-content\/uploads\/2021\/09\/Praktikumsbeurteilung.pdf\">Praktikumsbeurteilung<\/a><\/li><li class=\"mega-menu-item mega-menu-item-type-custom mega-menu-item-object-custom mega-menu-item-3483 menu-item\" id=\"mega-menu-item-3483\"><a class=\"mega-menu-link\" href=\"https:\/\/www.rs-goethe.de\/neu\/wp-content\/uploads\/2021\/09\/Fahrtkosten-I-Merkblatt.pdf\">Fahrtkosten I<\/a><\/li><li class=\"mega-menu-item mega-menu-item-type-custom mega-menu-item-object-custom mega-menu-item-3484 menu-item\" id=\"mega-menu-item-3484\"><a class=\"mega-menu-link\" href=\"https:\/\/www.rs-goethe.de\/neu\/wp-content\/uploads\/2021\/09\/Fahrtkosten-II-Antrag-auf-Anerkennung-des-Einsatzes-eines-privaten-KFZ.pdf\">Fahrtkosten II<\/a><\/li><li class=\"mega-menu-item mega-menu-item-type-custom mega-menu-item-object-custom mega-menu-item-3485 menu-item\" id=\"mega-menu-item-3485\"><a class=\"mega-menu-link\" href=\"https:\/\/www.rs-goethe.de\/neu\/wp-content\/uploads\/2021\/09\/Fahrtkosten-III-Antrag-auf-Fahrtkostenerstattung-Schuelerpraktikum.pdf\">Fahrtkosten III<\/a><\/li><\/ul>\n<\/li><li class=\"mega-menu-item mega-menu-item-type-custom mega-menu-item-object-custom mega-align-bottom-left mega-menu-flyout mega-menu-item-4110 menu-item\" id=\"mega-menu-item-4110\"><a class=\"mega-menu-link\" href=\"https:\/\/www.rs-goethe.de\/neu\/wp-content\/uploads\/2023\/12\/kunstprojekt2023.pdf\">\"Gemeinsam Digital\"<\/a><\/li><\/ul><\/div>\t\t\t\t<\/div>\n\t\t\t\t<\/div>\n\t\t\t\t\t<\/div>\n\t\t<\/div>\n\t\t\t\t\t<\/div>\n\t\t<\/section>\n\t\t\t\t<section class=\"elementor-section elementor-top-section elementor-element elementor-element-c28c876 elementor-section-full_width elementor-section-height-default elementor-section-height-default\" data-id=\"c28c876\" data-element_type=\"section\" data-e-type=\"section\">\n\t\t\t\t\t\t<div class=\"elementor-container elementor-column-gap-no\">\n\t\t\t\t\t<div class=\"elementor-column elementor-col-100 elementor-top-column elementor-element elementor-element-88796bc\" data-id=\"88796bc\" data-element_type=\"column\" data-e-type=\"column\">\n\t\t\t<div class=\"elementor-widget-wrap elementor-element-populated\">\n\t\t\t\t\t\t<div class=\"elementor-element elementor-element-f7e4b51 elementor-widget elementor-widget-spacer\" data-id=\"f7e4b51\" data-element_type=\"widget\" data-e-type=\"widget\" data-widget_type=\"spacer.default\">\n\t\t\t\t<div class=\"elementor-widget-container\">\n\t\t\t\t\t\t\t<div class=\"elementor-spacer\">\n\t\t\t<div class=\"elementor-spacer-inner\"><\/div>\n\t\t<\/div>\n\t\t\t\t\t\t<\/div>\n\t\t\t\t<\/div>\n\t\t\t\t\t<\/div>\n\t\t<\/div>\n\t\t\t\t\t<\/div>\n\t\t<\/section>\n\t\t\t\t<section class=\"elementor-section elementor-top-section elementor-element elementor-element-fd995d7 elementor-section-boxed elementor-section-height-default elementor-section-height-default\" data-id=\"fd995d7\" data-element_type=\"section\" data-e-type=\"section\">\n\t\t\t\t\t\t<div class=\"elementor-container elementor-column-gap-default\">\n\t\t\t\t\t<div class=\"elementor-column elementor-col-100 elementor-top-column elementor-element elementor-element-f266fce\" data-id=\"f266fce\" data-element_type=\"column\" data-e-type=\"column\">\n\t\t\t<div class=\"elementor-widget-wrap elementor-element-populated\">\n\t\t\t\t\t\t<div class=\"elementor-element elementor-element-963bb05 elementor-widget elementor-widget-heading\" data-id=\"963bb05\" data-element_type=\"widget\" data-e-type=\"widget\" data-widget_type=\"heading.default\">\n\t\t\t\t<div class=\"elementor-widget-container\">\n\t\t\t\t\t<h2 class=\"elementor-heading-title elementor-size-default\">Datenschutzerkl\u00e4rung<\/h2>\t\t\t\t<\/div>\n\t\t\t\t<\/div>\n\t\t\t\t\t<\/div>\n\t\t<\/div>\n\t\t\t\t\t<\/div>\n\t\t<\/section>\n\t\t\t\t<section class=\"elementor-section elementor-top-section elementor-element elementor-element-bed63be elementor-section-boxed elementor-section-height-default elementor-section-height-default\" data-id=\"bed63be\" data-element_type=\"section\" data-e-type=\"section\">\n\t\t\t\t\t\t<div class=\"elementor-container elementor-column-gap-default\">\n\t\t\t\t\t<div class=\"elementor-column elementor-col-100 elementor-top-column elementor-element elementor-element-c624248\" data-id=\"c624248\" data-element_type=\"column\" data-e-type=\"column\">\n\t\t\t<div class=\"elementor-widget-wrap elementor-element-populated\">\n\t\t\t\t\t\t<div class=\"elementor-element elementor-element-03f3304 elementor-widget elementor-widget-text-editor\" data-id=\"03f3304\" data-element_type=\"widget\" data-e-type=\"widget\" data-widget_type=\"text-editor.default\">\n\t\t\t\t<div class=\"elementor-widget-container\">\n\t\t\t\t\t\t\t\t\t<p><em><strong>1. Verantwortlicher und Datenschutzbeauftragter<\/strong><\/em><\/p><p>Verantwortlicher gem. Art. 4 Abs. 7 EU-Datenschutz-Grundverordnung (DS-GVO) ist:<\/p><p><em>Schulleiter Toralf Hieb<\/em><br \/><em>Staatliche Regelschule Johann Wolfgang von Goethe<\/em><br \/><em>07907 Schleiz<\/em><br \/><em>August-Bebel-Str. 10<\/em><br \/><em>Telefon-Nr.: 03663 422533 <\/em><br \/><em>E-Mail: toralf.hieb@schule.thueringen.de<\/em><\/p><p><em><strong>2. Information \u00fcber die Erhebung personenbezogener Daten, Speicherdauer<\/strong><\/em><\/p><p>2.1 Im Folgenden informieren wir \u00fcber die Erhebung personenbezogener Daten bei Nutzung unserer Website. Personenbezogene Daten sind alle Daten, die auf Sie pers\u00f6nlich beziehbar sind, z. B. Name, Adresse, E-Mail-Adressen, Nutzerverhalten.<\/p><p>2.2 Bei Ihrer Kontaktaufnahme mit uns per E-Mail oder \u00fcber ein Kontaktformular werden die von Ihnen mitgeteilten Daten (Ihre E-Mail-Adresse, ggf. Ihr Name und Ihre Telefonnummer) von uns gespeichert, um Ihre Fragen zu beantworten. Die in diesem Zusammenhang anfallenden Daten l\u00f6schen wir, nachdem die Speicherung nicht mehr erforderlich ist, oder schr\u00e4nken die Verarbeitung ein, falls gesetzliche Aufbewahrungspflichten bestehen.<\/p><p>2.3 Falls wir f\u00fcr einzelne Funktionen unseres Angebots auf beauftragte Dienstleister zur\u00fcckgreifen oder Ihre Daten f\u00fcr werbliche Zwecke nutzen m\u00f6chten, werden wir Sie untenstehend im Detail \u00fcber die jeweiligen Vorg\u00e4nge informieren. Dabei nennen wir auch die festgelegten Kriterien der Speicherdauer.<\/p><p><strong><em>3. Ihre Rechte<\/em><\/strong><\/p><p>3.1 Sie haben gegen\u00fcber uns folgende Rechte hinsichtlich der Sie betreffenden personenbezogenen Daten: <br \/>&#8211; Recht auf Auskunft, <br \/>&#8211; Recht auf Berichtigung oder L\u00f6schung, <br \/>&#8211; Recht auf Einschr\u00e4nkung der Verarbeitung, <br \/>&#8211; Recht auf Widerspruch gegen die Verarbeitung, <br \/>&#8211; Recht auf Daten\u00fcbertragbarkeit.<\/p><p>3.2 Sie haben zudem das Recht, sich bei einer Datenschutz-Aufsichtsbeh\u00f6rde \u00fcber die Verarbeitung Ihrer personenbezogenen Daten durch uns zu beschweren. Die Datenschutzaufsichtsbeh\u00f6rde ist der Th\u00fcringer Landesbeauftragte f\u00fcr den Datenschutz und die Informationsfreiheit (TLfDI), H\u00e4\u00dflerstrasse 8, 99096 Erfurt.<\/p><p>3.4 Werden personenbezogene Daten an ein Drittland oder an eine internationale Organisation \u00fcbermittelt, so haben Sie das Recht, \u00fcber die geeigneten Garantien gem\u00e4\u00df Art. 46 EU-DSGVO im Zusammenhang mit der \u00dcbermittlung unterrichtet zu werden.<\/p><p><em><strong>4. Erhebung und Zweck personenbezogener Daten bei Besuch unserer Website<\/strong><\/em><\/p><p>4.1 Bei der blo\u00df informatorischen Nutzung der Website, also wenn Sie sich nicht registrieren oder uns anderweitig Informationen \u00fcbermitteln, erheben wir nur die personenbezogenen Daten, die Ihr Browser an unseren Server \u00fcbermittelt. Wenn Sie unsere Website betrachten m\u00f6chten, erheben wir die folgenden Daten, die f\u00fcr uns technisch erforderlich sind, um Ihnen unsere Website anzuzeigen und die Stabilit\u00e4t und Sicherheit zu gew\u00e4hrleisten (Rechtsgrundlage ist Art. 6 Abs. 1 S. 1 lit. f EU-DSGVO): <br \/>&#8211; IP-Adresse <br \/>&#8211; Datum und Uhrzeit der Anfrage <br \/>&#8211; Zeitzonendifferenz zur Greenwich Mean Time (GMT) <br \/>&#8211; Inhalt der Anforderung (konkrete Seite) <br \/>&#8211; Zugriffsstatus\/HTTP-Statuscode <br \/>&#8211; jeweils \u00fcbertragene Datenmenge <br \/>&#8211; Website, von der die Anforderung kommt <br \/>&#8211; Browser <br \/>&#8211; Betriebssystem und dessen Oberfl\u00e4che <br \/>&#8211; Sprache und Version der Browsersoftware.<\/p><p>4.2 Zus\u00e4tzlich zu den zuvor genannten Daten werden bei Ihrer Nutzung unserer Website Cookies auf Ihrem Rechner gespeichert. Bei Cookies handelt es sich um kleine Textdateien, die auf Ihrer Festplatte dem von Ihnen verwendeten Browser zugeordnet gespeichert werden und durch welche der Stelle, die den Cookie setzt (hier durch uns), bestimmte Informationen zuflie\u00dfen. Cookies k\u00f6nnen keine Programme ausf\u00fchren oder Viren auf Ihren Computer \u00fcbertragen. Sie dienen dazu, das Internetangebot insgesamt nutzerfreundlicher und effektiver zu machen.<\/p><p>4.3 Einsatz von Cookies1:<\/p><p>a) Diese Website nutzt folgende Arten von Cookies, deren Umfang und Funktionsweise im Folgenden erl\u00e4utert werden: <br \/>Transiente Cookies (dazu b) <br \/>Persistente Cookies (dazu c).<\/p><p>b) Transiente Cookies werden automatisiert gel\u00f6scht, wenn Sie den Browser schlie\u00dfen. Dazu z\u00e4hlen insbesondere die Session-Cookies. Diese speichern eine sogenannte Session-ID, mit welcher sich verschiedene Anfragen Ihres Browsers der gemeinsamen Sitzung zuordnen lassen. Dadurch kann Ihr Rechner wiedererkannt werden, wenn Sie auf unsere Website zur\u00fcckkehren. Die Session-Cookies werden gel\u00f6scht, wenn Sie sich ausloggen oder den Browser schlie\u00dfen.<\/p><p>c) Persistente Cookies werden automatisiert nach einer vorgegebenen Dauer gel\u00f6scht, die sich je nach Cookie unterscheiden kann. Sie k\u00f6nnen die Cookies in den Sicherheitseinstellungen Ihres Browsers jederzeit l\u00f6schen.<\/p><p>d) Sie k\u00f6nnen Ihre Browser-Einstellung entsprechend Ihren W\u00fcnschen konfigurieren und z. B. die Annahme von Third-Party-Cookies oder allen Cookies ablehnen. Wir weisen Sie darauf hin, dass Sie eventuell nicht alle Funktionen dieser Website nutzen k\u00f6nnen.<\/p><p>e) Wir setzen Cookies ein, um Sie f\u00fcr Folgebesuche identifizieren zu k\u00f6nnen, falls Sie \u00fcber einen Account bei uns verf\u00fcgen. Andernfalls m\u00fcssten Sie sich f\u00fcr jeden Besuch erneut einloggen.<\/p>\t\t\t\t\t\t\t\t<\/div>\n\t\t\t\t<\/div>\n\t\t\t\t\t<\/div>\n\t\t<\/div>\n\t\t\t\t\t<\/div>\n\t\t<\/section>\n\t\t\t\t<section class=\"elementor-section elementor-top-section elementor-element elementor-element-76239a6 elementor-section-boxed elementor-section-height-default elementor-section-height-default\" data-id=\"76239a6\" data-element_type=\"section\" data-e-type=\"section\">\n\t\t\t\t\t\t<div class=\"elementor-container elementor-column-gap-default\">\n\t\t\t\t\t<div class=\"elementor-column elementor-col-100 elementor-top-column elementor-element elementor-element-9ead118\" data-id=\"9ead118\" data-element_type=\"column\" data-e-type=\"column\">\n\t\t\t<div class=\"elementor-widget-wrap elementor-element-populated\">\n\t\t\t\t\t\t<div class=\"elementor-element elementor-element-b77c270 elementor-widget elementor-widget-spacer\" data-id=\"b77c270\" data-element_type=\"widget\" data-e-type=\"widget\" data-widget_type=\"spacer.default\">\n\t\t\t\t<div class=\"elementor-widget-container\">\n\t\t\t\t\t\t\t<div class=\"elementor-spacer\">\n\t\t\t<div class=\"elementor-spacer-inner\"><\/div>\n\t\t<\/div>\n\t\t\t\t\t\t<\/div>\n\t\t\t\t<\/div>\n\t\t\t\t\t<\/div>\n\t\t<\/div>\n\t\t\t\t\t<\/div>\n\t\t<\/section>\n\t\t\t\t<\/div>\n\t\t","protected":false},"excerpt":{"rendered":"<p>Staatliche Regelschule Johann Wolfgang von Goethe Schleiz Datenschutzerkl\u00e4rung 1. Verantwortlicher und Datenschutzbeauftragter Verantwortlicher gem. Art. 4 Abs. 7 EU-Datenschutz-Grundverordnung (DS-GVO) ist: Schulleiter Toralf HiebStaatliche Regelschule Johann Wolfgang von Goethe07907 SchleizAugust-Bebel-Str. 10Telefon-Nr.: 03663 422533 E-Mail: toralf.hieb@schule.thueringen.de 2. Information \u00fcber die Erhebung personenbezogener Daten, Speicherdauer 2.1 Im Folgenden informieren wir \u00fcber die Erhebung personenbezogener Daten bei Nutzung &hellip; <\/p>\n<p class=\"link-more\"><a href=\"https:\/\/www.rs-goethe.de\/neu\/datenschutzerklaerung\/\" class=\"more-link\"><span class=\"screen-reader-text\">\u201eDatenschutzerkl\u00e4rung\u201c <\/span>weiterlesen<\/a><\/p>\n","protected":false},"author":1,"featured_media":0,"parent":0,"menu_order":0,"comment_status":"closed","ping_status":"closed","template":"elementor_canvas","meta":{"footnotes":""},"class_list":["post-2141","page","type-page","status-publish","hentry"],"_links":{"self":[{"href":"https:\/\/www.rs-goethe.de\/neu\/wp-json\/wp\/v2\/pages\/2141","targetHints":{"allow":["GET"]}}],"collection":[{"href":"https:\/\/www.rs-goethe.de\/neu\/wp-json\/wp\/v2\/pages"}],"about":[{"href":"https:\/\/www.rs-goethe.de\/neu\/wp-json\/wp\/v2\/types\/page"}],"author":[{"embeddable":true,"href":"https:\/\/www.rs-goethe.de\/neu\/wp-json\/wp\/v2\/users\/1"}],"replies":[{"embeddable":true,"href":"https:\/\/www.rs-goethe.de\/neu\/wp-json\/wp\/v2\/comments?post=2141"}],"version-history":[{"count":0,"href":"https:\/\/www.rs-goethe.de\/neu\/wp-json\/wp\/v2\/pages\/2141\/revisions"}],"wp:attachment":[{"href":"https:\/\/www.rs-goethe.de\/neu\/wp-json\/wp\/v2\/media?parent=2141"}],"curies":[{"name":"wp","href":"https:\/\/api.w.org\/{rel}","templated":true}]}}